{"id":18891,"date":"2025-05-15T07:52:28","date_gmt":"2025-05-15T05:52:28","guid":{"rendered":"https:\/\/kalfrisa.com\/?page_id=18891"},"modified":"2025-12-04T13:37:08","modified_gmt":"2025-12-04T12:37:08","slug":"compromiso-y-transparencia","status":"publish","type":"page","link":"https:\/\/www.kalfrisa.com\/en\/compromiso-y-transparencia\/","title":{"rendered":"Compromiso y transparencia"},"content":{"rendered":"\t\t<div data-elementor-type=\"wp-page\" data-elementor-id=\"18891\" class=\"elementor elementor-18891\">\n\t\t\t\t        <section class=\"elementor-section elementor-top-section elementor-element elementor-element-87df638 elementor-section-boxed elementor-section-height-default elementor-section-height-default pxl-row-scroll-none pxl-zoom-point-false pxl-section-overflow-visible pxl-section-fix-none pxl-bg-color-none pxl-section-overlay-none\" data-id=\"87df638\" data-element_type=\"section\">\n\n                \n                <div class=\"elementor-container elementor-column-gap-default \">\n                <div class=\"elementor-column elementor-col-100 elementor-top-column elementor-element elementor-element-3bec5bc pxl-column-none pxl-column-overflow-hidden-no\" data-id=\"3bec5bc\" data-element_type=\"column\">\r\n        <div class=\"elementor-widget-wrap elementor-element-populated\">\r\n                     \r\n        \t\t<div class=\"elementor-element elementor-element-4426a85 elementor-widget elementor-widget-text-editor\" data-id=\"4426a85\" data-element_type=\"widget\" data-widget_type=\"text-editor.default\">\n\t\t\t\t<div class=\"elementor-widget-container\">\n\t\t\t\t\t\t\t\t\t<div class=\"elementor-element elementor-element-88ca337 wd-width-100 elementor-widget elementor-widget-wd_title\" data-id=\"88ca337\" data-element_type=\"widget\" data-widget_type=\"wd_title.default\"><div class=\"elementor-widget-container\"><div class=\"title-wrapper wd-set-mb reset-last-child wd-title-color-default wd-title-style-default wd-title-size-default text-left\"><div class=\"title-subtitle subtitle-color-default subtitle-style-default wd-fontsize-xs\">Canal interno de informaci\u00f3n para comunicar actividades y conductas presuntamente irregulares<\/div><div>\u00a0<\/div><div class=\"liner-continer\"><h4 class=\"woodmart-title-container title wd-fontsize-l\">CONTACTA CON NOSOTROS<\/h4><\/div><div class=\"title-after_title reset-last-child wd-fontsize-xs\"><p><strong>\u00a0<\/strong><strong>\u00bfTienes informaci\u00f3n sobre una posible infracci\u00f3n en nuestra organizaci\u00f3n?\u00a0<\/strong>Si tienes informaci\u00f3n o sospechas razonables de que se ha producido o puede producirse un hecho il\u00edcito o delito en KALFRISA, puedes informarnos de ello a trav\u00e9s de nuestro\u00a0<em>Canal Interno de Informaci\u00f3n<\/em>.<\/p><p><strong>\u00bfQu\u00e9 es el Canal Interno de Informaci\u00f3n?\u00a0<\/strong>El\u00a0<em>Canal Interno de Informaci\u00f3n<\/em>\u00a0es un mecanismo que permite a cualquier persona, incluso de forma an\u00f3nima, comunicar informaci\u00f3n sobre infracciones relativas a nuestra entidad.\u00a0<\/p><p>Si deseas hacerlo de forma an\u00f3nima env\u00eda un escrito con los datos de la secci\u00f3n &#8220;informar de una infracci\u00f3n&#8221; del presente formulario por correo postal a la atenci\u00f3n del responsable del Canal Interno de Informaci\u00f3n de KALFRISA, calle D. Jaime I, 24, Entr. Dcha., 50001 Zaragoza.\u00a0<\/p><p><strong>\u00bfC\u00f3mo se garantiza la confidencialidad?\u00a0<\/strong>Tu informaci\u00f3n personal ser\u00e1 tratada de forma confidencial y no se revelar\u00e1 a terceros, salvo obligaci\u00f3n legal.<\/p><p><strong>\u00bfSe tomar\u00e1n represalias contra m\u00ed?\u00a0<\/strong>Garantizamos la protecci\u00f3n de los informantes, independientemente de su relaci\u00f3n con KALFRISA, en ning\u00fan caso se tomar\u00e1n\u00a0ning\u00fan tipo de represalias por haber afectado una irregularidad, tal y como queda recogido en la\u00a0Ley 2\/2023, de 2 de febrero, reguladora de la protecci\u00f3n de las personas que informen sobre infracciones normativas y de lucha contra la corrupci\u00f3n\u00a0a lo establecido en la\u00a0Directiva (UE) 2019\/1937 de 23 de octubre de 2019 relativa a la protecci\u00f3n de las personas que informen sobre infracciones del Derecho de la Uni\u00f3n.<\/p><p><strong>\u00bfQu\u00e9 ocurre despu\u00e9s de que informe de una infracci\u00f3n?\u00a0<\/strong>Una vez que recibamos tu informaci\u00f3n, la investigaremos de forma exhaustiva, por ello es importante que aportes cuantas pruebas puedas disponer. Si la comunicaci\u00f3n se confirma, tomaremos las medidas adecuadas para resolver el asunto.<\/p><p>Para m\u00e1s informaci\u00f3n puedes acceder al\u00a0<a href=\"https:\/\/www.kalfrisa.com\/documentacion\/240409_Reglamento_Canal_de_Informacion_KALFRISA_DEF.pdf\" target=\"_blank\" rel=\"noopener\"><u>Reglamento del Canal Interno de Informaci\u00f3n de KALFRISA<\/u>.\u00a0<\/a><\/p><p><strong><em>Agradecemos tu colaboraci\u00f3n en la prevenci\u00f3n y detecci\u00f3n de infracciones,\u00a0pero recuerda, este canal es creado \u00fanica y exclusivamente para comunicar hechos il\u00edcitos o delitos.<\/em><\/strong><\/p><\/div><\/div><\/div><\/div><div class=\"elementor-element elementor-element-5ce0072f elementor-widget elementor-widget-wd_contact_form_7\" data-id=\"5ce0072f\" data-element_type=\"widget\" data-widget_type=\"wd_contact_form_7.default\"><div class=\"elementor-widget-container\"><div id=\"wpcf7-f16045-p16035-o1\" class=\"wpcf7 js\" dir=\"ltr\" lang=\"es-ES\" data-wpcf7-id=\"16045\"><div class=\"screen-reader-response\"><p role=\"status\" aria-live=\"polite\" aria-atomic=\"true\">\u00a0<\/p><\/div><form class=\"wpcf7-form init\" action=\"https:\/\/www.kalfrisa.com\/compromiso-y-transparencia\/#wpcf7-f16045-p16035-o1\" method=\"post\" novalidate=\"novalidate\" aria-label=\"Formulario de contacto\" data-status=\"init\"><p><label>Nombre<\/label><br \/><span class=\"wpcf7-form-control-wrap\" data-name=\"your-name\"><input class=\"wpcf7-form-control wpcf7-text\" maxlength=\"400\" name=\"your-name\" size=\"40\" type=\"text\" value=\"\" aria-invalid=\"false\" \/><\/span><\/p><p><label>E-mail o forma de contacto alternativa<br \/><span class=\"wpcf7-form-control-wrap\" data-name=\"your-email\"><input class=\"wpcf7-form-control wpcf7-email wpcf7-validates-as-required wpcf7-text wpcf7-validates-as-email\" maxlength=\"400\" name=\"your-email\" size=\"40\" type=\"email\" value=\"\" aria-required=\"true\" aria-invalid=\"false\" \/><\/span><\/label><\/p><p><label>Relaci\u00f3n con KALFRISA<\/label>(selecciona en el desplegable la que corresponda):<br \/><span class=\"wpcf7-form-control-wrap\" data-name=\"menu-344\"><select class=\"wpcf7-form-control wpcf7-select\" name=\"menu-344\" aria-invalid=\"false\"><option value=\"- Personal de plantilla...\">&#8211; Personal de plantilla&#8230;<\/option><option value=\"- Proveedor...\">&#8211; Proveedor&#8230;<\/option><option value=\"- Trabajadores por cuenta propia que presenten servicios a la empresa mediante contratos mercantiles...\">&#8211; Trabajadores por cuenta propia que presenten servicios a la empresa mediante contratos mercantiles&#8230;<\/option><option value=\"- Personal en pr\u00e1cticas...\">&#8211; Personal en pr\u00e1cticas&#8230;<\/option><option value=\"- Colaboradores externos...\">&#8211; Colaboradores externos&#8230;<\/option><option value=\"- A\u00f1adir opci\u00f3n.\">&#8211; A\u00f1adir opci\u00f3n.<\/option><\/select><\/span><\/p><p><label>Informar de una infracci\u00f3n<\/label><label>La infracci\u00f3n que vas a comunicar, \u00bfest\u00e1 relacionada con alguno de estos temas?<\/label>(selecciona en el desplegable la que corresponda):<br \/><span class=\"wpcf7-form-control-wrap\" data-name=\"menu-345\"><select class=\"wpcf7-form-control wpcf7-select\" name=\"menu-345\" aria-invalid=\"false\"><option value=\"- Protecci\u00f3n de datos...\">&#8211; Protecci\u00f3n de datos&#8230;<\/option><option value=\"- Fraude...\">&#8211; Fraude&#8230;<\/option><option value=\"- Estafa...\">&#8211; Estafa&#8230;<\/option><option value=\"- Cohecho...\">&#8211; Cohecho&#8230;<\/option><option value=\"- Tr\u00e1fico de influencias...\">&#8211; Tr\u00e1fico de influencias&#8230;<\/option><option value=\"- Blanqueo de capitales...\">&#8211; Blanqueo de capitales&#8230;<\/option><option value=\"- Conflictos de inter\u00e9s...\">&#8211; Conflictos de inter\u00e9s&#8230;<\/option><option value=\"- Acoso laboral...\">&#8211; Acoso laboral&#8230;<\/option><option value=\"- Acoso sexual...\">&#8211; Acoso sexual&#8230;<\/option><option value=\"- Otros.\">&#8211; Otros.<\/option><\/select><\/span><\/p><p><label>\u00bfCu\u00e1ndo ocurri\u00f3 el suceso?<br \/><span class=\"wpcf7-form-control-wrap\" data-name=\"textarea-328\"><textarea class=\"wpcf7-form-control wpcf7-textarea\" cols=\"40\" maxlength=\"2000\" name=\"textarea-328\" rows=\"10\" aria-invalid=\"false\"><\/textarea><\/span><\/label><\/p><p><label>\u00bfD\u00f3nde ocurrieron los hechos?<br \/><span class=\"wpcf7-form-control-wrap\" data-name=\"textarea-329\"><textarea class=\"wpcf7-form-control wpcf7-textarea\" cols=\"40\" maxlength=\"2000\" name=\"textarea-329\" rows=\"10\" aria-invalid=\"false\"><\/textarea><\/span><\/label><\/p><p><label>\u00bfLos hechos se repiten en la actualidad?<br \/><span class=\"wpcf7-form-control-wrap\" data-name=\"textarea-330\"><textarea class=\"wpcf7-form-control wpcf7-textarea\" cols=\"40\" maxlength=\"2000\" name=\"textarea-330\" rows=\"10\" aria-invalid=\"false\"><\/textarea><\/span><\/label><\/p><p><label>Personas implicadas en los hechos<br \/><span class=\"wpcf7-form-control-wrap\" data-name=\"textarea-331\"><textarea class=\"wpcf7-form-control wpcf7-textarea\" cols=\"40\" maxlength=\"2000\" name=\"textarea-331\" rows=\"10\" aria-invalid=\"false\"><\/textarea><\/span><\/label><\/p><p><label>Detalla la incidencia<br \/><span class=\"wpcf7-form-control-wrap\" data-name=\"textarea-332\"><textarea class=\"wpcf7-form-control wpcf7-textarea\" cols=\"40\" maxlength=\"2000\" name=\"textarea-332\" rows=\"10\" aria-invalid=\"false\"><\/textarea><\/span><\/label><\/p><p><label>Si dispones de pruebas, que avalen los hechos detallados, adj\u00fantalas.<\/label><\/p><div class=\"codedropz-upload-wrapper\"><div class=\"codedropz-upload-handler\"><div class=\"codedropz-upload-container\"><div class=\"codedropz-upload-inner\"><h3>Arrastra y suelta aqu\u00ed los archivos<\/h3><p>o<\/p><div class=\"codedropz-btn-wrap\"><a class=\"cd-upload-btn\" href=\"https:\/\/www.kalfrisa.com\/compromiso-y-transparencia\/#\">busca archivos<\/a><\/div><\/div><\/div><p><span class=\"dnd-upload-counter\">0\u00a0de 10<\/span><\/p><\/div><\/div><p><span class=\"wpcf7-form-control-wrap\" data-name=\"acceptance-320\"><span class=\"wpcf7-form-control wpcf7-acceptance\"><span class=\"wpcf7-list-item\"><label><input name=\"acceptance-320\" type=\"checkbox\" value=\"1\" aria-invalid=\"false\" \/><span class=\"wpcf7-list-item-label\">He le\u00eddo y acepto el tratamiento de datos personales<\/span><\/label><\/span><\/span><\/span>\u00a0(Campo obligatorio)<\/p><p><label>Escribe los siguientes caracteres:<img decoding=\"async\" class=\"wpcf7-form-control wpcf7-captchac wpcf7-captcha-captcha-1\" src=\"https:\/\/www.kalfrisa.com\/wp-content\/uploads\/wpcf7_captcha\/448515336.png\" alt=\"captcha\" width=\"72\" height=\"24\" \/>\u00a0<span class=\"wpcf7-form-control-wrap\" data-name=\"captcha-1\"><input class=\"wpcf7-form-control wpcf7-captchar\" autocomplete=\"off\" name=\"captcha-1\" size=\"40\" type=\"text\" value=\"\" aria-invalid=\"false\" \/><\/span><\/label><\/p><p><input class=\"wpcf7-form-control wpcf7-submit has-spinner\" disabled=\"disabled\" type=\"submit\" value=\"Enviar\" \/><\/p><\/form><\/div><\/div><\/div><div class=\"elementor-element elementor-element-f238efb wd-width-100 elementor-widget elementor-widget-wd_title\" data-id=\"f238efb\" data-element_type=\"widget\" data-widget_type=\"wd_title.default\"><div class=\"elementor-widget-container\"><div class=\"title-wrapper wd-set-mb reset-last-child wd-title-color-default wd-title-style-default wd-title-size-default text-left\"><div class=\"liner-continer\"><h4 class=\"woodmart-title-container title wd-fontsize-l\">PROTECCI\u00d3N DE DATOS PERSONALES<\/h4><\/div><div class=\"title-after_title reset-last-child wd-fontsize-xs\"><p><strong>Responsable del tratamiento<\/strong>: El \u00f3rgano de administraci\u00f3n o de gobierno tendr\u00e1 la condici\u00f3n de responsable del tratamiento de los datos personales de conformidad con lo dispuesto en la normativa sobre protecci\u00f3n de datos personales. Los datos de car\u00e1cter personal ser\u00e1n tratados de forma confidencial y quedar\u00e1n incorporados a la correspondiente actividad de tratamiento titularidad del Responsable del Canal Interno de Informaci\u00f3n.<\/p><p><strong>Finalidad<\/strong>: Los datos ser\u00e1n tratados exclusivamente con la finalidad de dar respuesta a la notificaci\u00f3n de la infracci\u00f3n presentada a trav\u00e9s del Canal Interno de Informaci\u00f3n internas habilitado a este efecto.\u00a0 \u00a0 \u00a0 \u00a0 \u00a0<\/p><p><strong>Legitimaci\u00f3n<\/strong>: La base legitimadora del tratamiento de los datos personales facilitados es la existencia de la obligaci\u00f3n legal recogida en la Ley 2\/2023 aplicable al responsable del tratamiento que obliga a las entidades a disponer de un procedimiento para que sus empleados y colaboradores notifiquen infracciones a nivel interno a fin de dar respuesta a las mismas.<\/p><p><strong>Destinatarios:<\/strong>\u00a0Salvo obligaci\u00f3n legal, sus datos de car\u00e1cter personal no ser\u00e1n cedidos a terceros distintos de los encargados del tratamiento (colaboradores externos) que eventualmente se designen para la gesti\u00f3n del Canal Interno de Informaci\u00f3n, dentro del \u00e1mbito de sus competencias y funciones, garantizando en todo momento su confidencialidad. As\u00ed, se le informa de que en caso de que las actuaciones comunicadas a trav\u00e9s de este procedimiento interno sean constitutivas de infracci\u00f3n administrativa o de delito, los datos personales facilitados por usted ser\u00e1n cedidos a las Autoridades competentes.<\/p><p><strong>Derechos del titular de los datos:\u00a0<\/strong>Puede ejercer sus derechos de acceso, rectificaci\u00f3n, oposici\u00f3n, limitaci\u00f3n del tratamiento, supresi\u00f3n y portabilidad de sus datos, dirigi\u00e9ndose al Responsable del Canal Interno de Informaci\u00f3n de la Fundaci\u00f3n, identific\u00e1ndose oportunamente.<\/p><p><b><span data-olk-copy-source=\"MessageBody\">Plazo:<\/span><\/b>\u00a0Los datos de quien formule la comunicaci\u00f3n y de los empleados y terceros se conservar\u00e1n en el canal interno de informaci\u00f3n \u00fanicamente durante el tiempo imprescindible para decidir sobre la procedencia de iniciar una investigaci\u00f3n sobre los hechos informados. En todo caso, si se acredita que la informaci\u00f3n facilitada o parte de ella no es veraz se eliminar\u00e1n de forma inmediata, salvo que dicha falta de veracidad pueda constituir un il\u00edcito penal, en cuyo caso se guardar\u00e1 la informaci\u00f3n por el tiempo necesario durante el que se tramite el procedimiento judicial. En todo caso, transcurridos tres meses desde la recepci\u00f3n de la comunicaci\u00f3n sin que se hubiesen iniciado actuaciones de investigaci\u00f3n, se proceder\u00e1 a su supresi\u00f3n, salvo que la finalidad de la conservaci\u00f3n sea dejar evidencia del funcionamiento del sistema. Las informaciones a las que no se haya dado curso se guardar\u00e1n de forma anonimizada.<\/p><\/div><\/div><\/div><\/div>\t\t\t\t\t\t\t\t<\/div>\n\t\t\t\t<\/div>\n\t\t            <\/div>\r\n        <\/div>\r\n        \t\t\t<\/div>\n\t\t<\/section>\n\t\t\t\t<\/div>\n\t\t","protected":false},"excerpt":{"rendered":"<p>Canal interno de informaci\u00f3n para comunicar actividades y conductas presuntamente irregulares\u00a0 CONTACTA CON NOSOTROS \u00a0\u00bfTienes informaci\u00f3n sobre una posible infracci\u00f3n en nuestra organizaci\u00f3n?\u00a0Si tienes informaci\u00f3n o sospechas razonables de que se ha producido o puede producirse un hecho il\u00edcito o delito en KALFRISA, puedes informarnos de ello a trav\u00e9s de nuestro\u00a0Canal Interno de Informaci\u00f3n. \u00bfQu\u00e9 [&hellip;]<\/p>\n","protected":false},"author":3,"featured_media":0,"parent":0,"menu_order":0,"comment_status":"closed","ping_status":"closed","template":"","meta":{"footnotes":""},"class_list":["post-18891","page","type-page","status-publish","hentry"],"yoast_head":"<!-- This site is optimized with the Yoast SEO plugin v26.7 - https:\/\/yoast.com\/wordpress\/plugins\/seo\/ -->\n<title>Compromiso y transparencia<\/title>\n<meta name=\"description\" content=\"Compromiso y transparencia recoge nuestro Canal interno de informaci\u00f3n para comunicar actividades y conductas presuntamente irregulares\" \/>\n<meta name=\"robots\" content=\"index, follow, max-snippet:-1, max-image-preview:large, max-video-preview:-1\" \/>\n<link rel=\"canonical\" href=\"https:\/\/www.kalfrisa.com\/en\/compromiso-y-transparencia\/\" \/>\n<meta property=\"og:locale\" content=\"en_US\" \/>\n<meta property=\"og:type\" content=\"article\" \/>\n<meta property=\"og:title\" content=\"Compromiso y transparencia\" \/>\n<meta property=\"og:description\" content=\"Compromiso y transparencia recoge nuestro Canal interno de informaci\u00f3n para comunicar actividades y conductas presuntamente irregulares\" \/>\n<meta property=\"og:url\" content=\"https:\/\/www.kalfrisa.com\/en\/compromiso-y-transparencia\/\" \/>\n<meta property=\"og:site_name\" content=\"KALFRISA\" \/>\n<meta property=\"article:modified_time\" content=\"2025-12-04T12:37:08+00:00\" \/>\n<meta property=\"og:image\" content=\"https:\/\/www.kalfrisa.com\/wp-content\/uploads\/wpcf7_captcha\/448515336.png\" \/>\n<meta name=\"twitter:card\" content=\"summary_large_image\" \/>\n<meta name=\"twitter:label1\" content=\"Est. reading time\" \/>\n\t<meta name=\"twitter:data1\" content=\"9 minutes\" \/>\n<script type=\"application\/ld+json\" class=\"yoast-schema-graph\">{\"@context\":\"https:\/\/schema.org\",\"@graph\":[{\"@type\":\"WebPage\",\"@id\":\"https:\/\/www.kalfrisa.com\/en\/compromiso-y-transparencia\/\",\"url\":\"https:\/\/www.kalfrisa.com\/en\/compromiso-y-transparencia\/\",\"name\":\"Compromiso y transparencia\",\"isPartOf\":{\"@id\":\"https:\/\/www.kalfrisa.com\/en\/#website\"},\"primaryImageOfPage\":{\"@id\":\"https:\/\/www.kalfrisa.com\/en\/compromiso-y-transparencia\/#primaryimage\"},\"image\":{\"@id\":\"https:\/\/www.kalfrisa.com\/en\/compromiso-y-transparencia\/#primaryimage\"},\"thumbnailUrl\":\"https:\/\/www.kalfrisa.com\/wp-content\/uploads\/wpcf7_captcha\/448515336.png\",\"datePublished\":\"2025-05-15T05:52:28+00:00\",\"dateModified\":\"2025-12-04T12:37:08+00:00\",\"description\":\"Compromiso y transparencia recoge nuestro Canal interno de informaci\u00f3n para comunicar actividades y conductas presuntamente irregulares\",\"breadcrumb\":{\"@id\":\"https:\/\/www.kalfrisa.com\/en\/compromiso-y-transparencia\/#breadcrumb\"},\"inLanguage\":\"en-US\",\"potentialAction\":[{\"@type\":\"ReadAction\",\"target\":[\"https:\/\/www.kalfrisa.com\/en\/compromiso-y-transparencia\/\"]}]},{\"@type\":\"ImageObject\",\"inLanguage\":\"en-US\",\"@id\":\"https:\/\/www.kalfrisa.com\/en\/compromiso-y-transparencia\/#primaryimage\",\"url\":\"https:\/\/www.kalfrisa.com\/wp-content\/uploads\/wpcf7_captcha\/448515336.png\",\"contentUrl\":\"https:\/\/www.kalfrisa.com\/wp-content\/uploads\/wpcf7_captcha\/448515336.png\"},{\"@type\":\"BreadcrumbList\",\"@id\":\"https:\/\/www.kalfrisa.com\/en\/compromiso-y-transparencia\/#breadcrumb\",\"itemListElement\":[{\"@type\":\"ListItem\",\"position\":1,\"name\":\"Portada\",\"item\":\"https:\/\/www.kalfrisa.com\/en\/kalfrisa-home\/\"},{\"@type\":\"ListItem\",\"position\":2,\"name\":\"Compromiso y transparencia\"}]},{\"@type\":\"WebSite\",\"@id\":\"https:\/\/www.kalfrisa.com\/en\/#website\",\"url\":\"https:\/\/www.kalfrisa.com\/en\/\",\"name\":\"KALFRISA\",\"description\":\"Energia y medioambiente\",\"publisher\":{\"@id\":\"https:\/\/www.kalfrisa.com\/en\/#organization\"},\"potentialAction\":[{\"@type\":\"SearchAction\",\"target\":{\"@type\":\"EntryPoint\",\"urlTemplate\":\"https:\/\/www.kalfrisa.com\/en\/?s={search_term_string}\"},\"query-input\":{\"@type\":\"PropertyValueSpecification\",\"valueRequired\":true,\"valueName\":\"search_term_string\"}}],\"inLanguage\":\"en-US\"},{\"@type\":\"Organization\",\"@id\":\"https:\/\/www.kalfrisa.com\/en\/#organization\",\"name\":\"KALFRISA\",\"url\":\"https:\/\/www.kalfrisa.com\/en\/\",\"logo\":{\"@type\":\"ImageObject\",\"inLanguage\":\"en-US\",\"@id\":\"https:\/\/www.kalfrisa.com\/en\/#\/schema\/logo\/image\/\",\"url\":\"\",\"contentUrl\":\"\",\"caption\":\"KALFRISA\"},\"image\":{\"@id\":\"https:\/\/www.kalfrisa.com\/en\/#\/schema\/logo\/image\/\"}}]}<\/script>\n<!-- \/ Yoast SEO plugin. -->","yoast_head_json":{"title":"Compromiso y transparencia","description":"Compromiso y transparencia recoge nuestro Canal interno de informaci\u00f3n para comunicar actividades y conductas presuntamente irregulares","robots":{"index":"index","follow":"follow","max-snippet":"max-snippet:-1","max-image-preview":"max-image-preview:large","max-video-preview":"max-video-preview:-1"},"canonical":"https:\/\/www.kalfrisa.com\/en\/compromiso-y-transparencia\/","og_locale":"en_US","og_type":"article","og_title":"Compromiso y transparencia","og_description":"Compromiso y transparencia recoge nuestro Canal interno de informaci\u00f3n para comunicar actividades y conductas presuntamente irregulares","og_url":"https:\/\/www.kalfrisa.com\/en\/compromiso-y-transparencia\/","og_site_name":"KALFRISA","article_modified_time":"2025-12-04T12:37:08+00:00","og_image":[{"url":"https:\/\/www.kalfrisa.com\/wp-content\/uploads\/wpcf7_captcha\/448515336.png","type":"","width":"","height":""}],"twitter_card":"summary_large_image","twitter_misc":{"Est. reading time":"9 minutes"},"schema":{"@context":"https:\/\/schema.org","@graph":[{"@type":"WebPage","@id":"https:\/\/www.kalfrisa.com\/en\/compromiso-y-transparencia\/","url":"https:\/\/www.kalfrisa.com\/en\/compromiso-y-transparencia\/","name":"Compromiso y transparencia","isPartOf":{"@id":"https:\/\/www.kalfrisa.com\/en\/#website"},"primaryImageOfPage":{"@id":"https:\/\/www.kalfrisa.com\/en\/compromiso-y-transparencia\/#primaryimage"},"image":{"@id":"https:\/\/www.kalfrisa.com\/en\/compromiso-y-transparencia\/#primaryimage"},"thumbnailUrl":"https:\/\/www.kalfrisa.com\/wp-content\/uploads\/wpcf7_captcha\/448515336.png","datePublished":"2025-05-15T05:52:28+00:00","dateModified":"2025-12-04T12:37:08+00:00","description":"Compromiso y transparencia recoge nuestro Canal interno de informaci\u00f3n para comunicar actividades y conductas presuntamente irregulares","breadcrumb":{"@id":"https:\/\/www.kalfrisa.com\/en\/compromiso-y-transparencia\/#breadcrumb"},"inLanguage":"en-US","potentialAction":[{"@type":"ReadAction","target":["https:\/\/www.kalfrisa.com\/en\/compromiso-y-transparencia\/"]}]},{"@type":"ImageObject","inLanguage":"en-US","@id":"https:\/\/www.kalfrisa.com\/en\/compromiso-y-transparencia\/#primaryimage","url":"https:\/\/www.kalfrisa.com\/wp-content\/uploads\/wpcf7_captcha\/448515336.png","contentUrl":"https:\/\/www.kalfrisa.com\/wp-content\/uploads\/wpcf7_captcha\/448515336.png"},{"@type":"BreadcrumbList","@id":"https:\/\/www.kalfrisa.com\/en\/compromiso-y-transparencia\/#breadcrumb","itemListElement":[{"@type":"ListItem","position":1,"name":"Portada","item":"https:\/\/www.kalfrisa.com\/en\/kalfrisa-home\/"},{"@type":"ListItem","position":2,"name":"Compromiso y transparencia"}]},{"@type":"WebSite","@id":"https:\/\/www.kalfrisa.com\/en\/#website","url":"https:\/\/www.kalfrisa.com\/en\/","name":"KALFRISA","description":"Energia y medioambiente","publisher":{"@id":"https:\/\/www.kalfrisa.com\/en\/#organization"},"potentialAction":[{"@type":"SearchAction","target":{"@type":"EntryPoint","urlTemplate":"https:\/\/www.kalfrisa.com\/en\/?s={search_term_string}"},"query-input":{"@type":"PropertyValueSpecification","valueRequired":true,"valueName":"search_term_string"}}],"inLanguage":"en-US"},{"@type":"Organization","@id":"https:\/\/www.kalfrisa.com\/en\/#organization","name":"KALFRISA","url":"https:\/\/www.kalfrisa.com\/en\/","logo":{"@type":"ImageObject","inLanguage":"en-US","@id":"https:\/\/www.kalfrisa.com\/en\/#\/schema\/logo\/image\/","url":"","contentUrl":"","caption":"KALFRISA"},"image":{"@id":"https:\/\/www.kalfrisa.com\/en\/#\/schema\/logo\/image\/"}}]}},"_links":{"self":[{"href":"https:\/\/www.kalfrisa.com\/en\/wp-json\/wp\/v2\/pages\/18891","targetHints":{"allow":["GET"]}}],"collection":[{"href":"https:\/\/www.kalfrisa.com\/en\/wp-json\/wp\/v2\/pages"}],"about":[{"href":"https:\/\/www.kalfrisa.com\/en\/wp-json\/wp\/v2\/types\/page"}],"author":[{"embeddable":true,"href":"https:\/\/www.kalfrisa.com\/en\/wp-json\/wp\/v2\/users\/3"}],"replies":[{"embeddable":true,"href":"https:\/\/www.kalfrisa.com\/en\/wp-json\/wp\/v2\/comments?post=18891"}],"version-history":[{"count":13,"href":"https:\/\/www.kalfrisa.com\/en\/wp-json\/wp\/v2\/pages\/18891\/revisions"}],"predecessor-version":[{"id":26987,"href":"https:\/\/www.kalfrisa.com\/en\/wp-json\/wp\/v2\/pages\/18891\/revisions\/26987"}],"wp:attachment":[{"href":"https:\/\/www.kalfrisa.com\/en\/wp-json\/wp\/v2\/media?parent=18891"}],"curies":[{"name":"wp","href":"https:\/\/api.w.org\/{rel}","templated":true}]}}